{"id":289982,"date":"2024-09-13T14:32:09","date_gmt":"2024-09-13T12:32:09","guid":{"rendered":"https:\/\/rosanaample.com\/home\/?page_id=289982"},"modified":"2024-09-16T14:48:11","modified_gmt":"2024-09-16T12:48:11","slug":"soltando-amarras","status":"publish","type":"page","link":"https:\/\/rosanaample.com\/home\/soltando-amarras\/","title":{"rendered":"Soltando Amarras"},"content":{"rendered":"<p>[et_pb_section fb_built=\u00bb1&#8243; next_background_color=\u00bb#f4f4f4&#8243; admin_label=\u00bbHeader\u00bb _builder_version=\u00bb4.27.0&#8243; _module_preset=\u00bbdefault\u00bb use_background_color_gradient=\u00bbon\u00bb background_color_gradient_direction=\u00bb225deg\u00bb background_color_gradient_stops=\u00bbgcid-34807b40-f97e-428a-90f8-6d5ad2ecd8cd 0%|rgba(245,246,241,0.9) 100%\u00bb background_color_gradient_overlays_image=\u00bbon\u00bb background_image=\u00bbhttps:\/\/rosanaample.com\/wp-content\/uploads\/2024\/09\/senior-care-1.jpg\u00bb custom_padding=\u00bb||158px||false|false\u00bb bottom_divider_style=\u00bbcurve\u00bb bottom_divider_height=\u00bb60px\u00bb collapsed=\u00bboff\u00bb global_colors_info=\u00bb{%22gcid-34807b40-f97e-428a-90f8-6d5ad2ecd8cd%22:%91%22background_color_gradient_stops%22%93}\u00bb][et_pb_row _builder_version=\u00bb4.27.0&#8243; _module_preset=\u00bbdefault\u00bb custom_padding=\u00bb181px|||90px||\u00bb global_colors_info=\u00bb{}\u00bb][et_pb_column type=\u00bb4_4&#8243; _builder_version=\u00bb4.27.0&#8243; _module_preset=\u00bbdefault\u00bb global_colors_info=\u00bb{}\u00bb][et_pb_text content_tablet=\u00bb<\/p>\n<p><span style=%22font-size: xx-large;%22>Soy Rosana Ample y quiero contarte <\/span><span style=%22font-size: xx-large; text-align: center;%22>por qu\u00e9 cierro <\/span><span style=%22font-size: xx-large; text-align: center;%22>mi cuenta de Instagram<\/span><\/p>\n<p>\u00bb content_phone=\u00bb<\/p>\n<p style=%22text-align: left;%22><span style=%22font-size: xx-large;%22>Soy Rosana Ample y quiero contarte <\/span><span style=%22font-size: xx-large; text-align: center;%22>por qu\u00e9 cierro<\/span><span style=%22font-size: xx-large; text-align: center;%22> mi cuenta de Instagram<\/span><\/p>\n<p>\u00bb content_last_edited=\u00bbon|phone\u00bb _builder_version=\u00bb4.27.0&#8243; _module_preset=\u00bbdefault\u00bb text_font=\u00bbMontserrat||||||||\u00bb text_font_size=\u00bb30px\u00bb text_letter_spacing=\u00bb5px\u00bb text_line_height=\u00bb1.1em\u00bb text_orientation=\u00bbcenter\u00bb width=\u00bb100%\u00bb custom_margin=\u00bb-81px|||-88px||\u00bb custom_padding=\u00bb1px|||||\u00bb inline_fonts=\u00bbMontserrat\u00bb global_colors_info=\u00bb{}\u00bb]<\/p>\n<h1><strong><span style=\"font-family: Montserrat;\"><span style=\"font-size: xx-large;\">Soy Rosana Ample y quiero contarte <\/span><span style=\"font-size: xx-large; text-align: center;\">por qu\u00e9 cierro<\/span><\/span><\/strong><\/h1>\n<h1><strong><span style=\"font-size: xx-large; text-align: center; font-family: Montserrat;\"> mi cuenta de Instagram<\/span><\/strong><\/h1>\n<p>[\/et_pb_text][\/et_pb_column][\/et_pb_row][et_pb_row column_structure=\u00bb1_2,1_2&#8243; _builder_version=\u00bb4.27.0&#8243; _module_preset=\u00bbdefault\u00bb global_colors_info=\u00bb{}\u00bb][et_pb_column type=\u00bb1_2&#8243; _builder_version=\u00bb4.27.0&#8243; _module_preset=\u00bbdefault\u00bb global_colors_info=\u00bb{}\u00bb][et_pb_text _builder_version=\u00bb4.27.0&#8243; _module_preset=\u00bbdefault\u00bb custom_padding=\u00bb||28px|||\u00bb inline_fonts=\u00bbMontserrat\u00bb global_colors_info=\u00bb{}\u00bb]<\/p>\n<h3><span style=\"font-family: Montserrat; font-weight: normal; font-size: large;\">Bueno, no es solo una raz\u00f3n. Son varias.<\/span><\/h3>\n<h3><span style=\"font-family: Montserrat; font-weight: normal; font-size: large;\">Las he escrito todas, de la primera a la \u00faltima, sin tapujos.<\/span><\/h3>\n<h3><span style=\"font-family: Montserrat; font-weight: normal; font-size: large;\"><strong>Si quieres saber que mosca me ha picado, escribe tu mail aqu\u00ed.<\/strong><\/span><\/h3>\n<h3><span style=\"font-family: Montserrat; font-weight: normal; font-size: large;\">PD: Te llegar\u00e1 un email donde te lo cuento todo, con pelos y se\u00f1ales.<\/span><\/h3>\n<h3><span style=\"font-family: Montserrat; font-weight: normal; font-size: large;\"><strong>Aviso: Me he abierto en canal, cuando me pongo soy muy intensa<\/strong><\/span><\/h3>\n<p>[\/et_pb_text][\/et_pb_column][et_pb_column type=\u00bb1_2&#8243; _builder_version=\u00bb4.27.0&#8243; _module_preset=\u00bbdefault\u00bb global_colors_info=\u00bb{}\u00bb][et_pb_code _builder_version=\u00bb4.27.0&#8243; _module_preset=\u00bbdefault\u00bb global_colors_info=\u00bb{}\u00bb]                <div class=\"ml-form-embed\"\n                     data-account=\"3363676:a5u9l3g7m6\"\n                     data-form=\"6057725:n0h9l2\">\n                <\/div>\n            [\/et_pb_code][\/et_pb_column][\/et_pb_row][\/et_pb_section]<\/p>\n","protected":false},"excerpt":{"rendered":"<p>Soy Rosana Ample y quiero contarte por qu\u00e9 cierro mi cuenta de InstagramBueno, no es solo una raz\u00f3n. Son varias. Las he escrito todas, de la primera a la \u00faltima, sin tapujos. Si quieres saber que mosca me ha picado, escribe tu mail aqu\u00ed. PD: Te llegar\u00e1 un email donde te lo cuento todo, con [&hellip;]<\/p>\n","protected":false},"author":1,"featured_media":0,"parent":0,"menu_order":0,"comment_status":"closed","ping_status":"closed","template":"","meta":{"_et_pb_use_builder":"on","_et_pb_old_content":"&nbsp;\r\n<h1>Soy Rosana Ample y quiero contarte por qu\u00e9 cierro mi cuenta de Instagram<\/h1>\r\n&nbsp;\r\n<p class=\"preFade fadeIn\">Bueno, no es solo una raz\u00f3n. Son varias.<\/p>\r\n<p class=\"preFade fadeIn\">Las he escrito todas, de la primera a la \u00faltima, sin tapujos.<\/p>\r\n<p class=\"preFade fadeIn\"><strong>Si quieres saber toda la verdad, escribe tu email aqu\u00ed.<\/strong><\/p>\r\n<p class=\"preFade fadeIn\" data-rte-preserve-empty=\"true\"><\/p>\r\n<p class=\"preFade fadeIn\">PD: Te llegar\u00e1 un email donde te lo cuento todo, con pelos y se\u00f1ales.<\/p>\r\n<p class=\"preFade fadeIn\"><strong>Aviso. Me he abierto en canal, una cuando se pone, lo da todo.\u00a0<\/strong><\/p>","_et_gb_content_width":"","_exactmetrics_skip_tracking":false,"_exactmetrics_sitenote_active":false,"_exactmetrics_sitenote_note":"","_exactmetrics_sitenote_category":0,"_uf_show_specific_survey":0,"_uf_disable_surveys":false,"footnotes":""},"class_list":["post-289982","page","type-page","status-publish","hentry"],"aioseo_notices":[],"_links":{"self":[{"href":"https:\/\/rosanaample.com\/home\/wp-json\/wp\/v2\/pages\/289982","targetHints":{"allow":["GET"]}}],"collection":[{"href":"https:\/\/rosanaample.com\/home\/wp-json\/wp\/v2\/pages"}],"about":[{"href":"https:\/\/rosanaample.com\/home\/wp-json\/wp\/v2\/types\/page"}],"author":[{"embeddable":true,"href":"https:\/\/rosanaample.com\/home\/wp-json\/wp\/v2\/users\/1"}],"replies":[{"embeddable":true,"href":"https:\/\/rosanaample.com\/home\/wp-json\/wp\/v2\/comments?post=289982"}],"version-history":[{"count":10,"href":"https:\/\/rosanaample.com\/home\/wp-json\/wp\/v2\/pages\/289982\/revisions"}],"predecessor-version":[{"id":290022,"href":"https:\/\/rosanaample.com\/home\/wp-json\/wp\/v2\/pages\/289982\/revisions\/290022"}],"wp:attachment":[{"href":"https:\/\/rosanaample.com\/home\/wp-json\/wp\/v2\/media?parent=289982"}],"curies":[{"name":"wp","href":"https:\/\/api.w.org\/{rel}","templated":true}]}}