{"id":3,"date":"2020-04-21T16:45:18","date_gmt":"2020-04-21T16:45:18","guid":{"rendered":"https:\/\/rosanaample.com\/?page_id=3"},"modified":"2023-11-13T15:21:24","modified_gmt":"2023-11-13T14:21:24","slug":"politica-de-privacidad","status":"publish","type":"page","link":"https:\/\/rosanaample.com\/home\/politica-de-privacidad\/","title":{"rendered":"Pol\u00edtica de privacidad"},"content":{"rendered":"<p>[et_pb_section fb_built=\u00bb1&#8243; admin_label=\u00bbsection\u00bb _builder_version=\u00bb3.22&#8243; global_colors_info=\u00bb{}\u00bb][et_pb_row admin_label=\u00bbrow\u00bb _builder_version=\u00bb3.25&#8243; background_size=\u00bbinitial\u00bb background_position=\u00bbtop_left\u00bb background_repeat=\u00bbrepeat\u00bb global_colors_info=\u00bb{}\u00bb][et_pb_column type=\u00bb4_4&#8243; _builder_version=\u00bb3.25&#8243; custom_padding=\u00bb|||\u00bb global_colors_info=\u00bb{}\u00bb custom_padding__hover=\u00bb|||\u00bb][et_pb_text admin_label=\u00bbText\u00bb _builder_version=\u00bb3.27.4&#8243; background_size=\u00bbinitial\u00bb background_position=\u00bbtop_left\u00bb background_repeat=\u00bbrepeat\u00bb global_colors_info=\u00bb{}\u00bb]<!-- divi:heading --><\/p>\n<h2><\/h2>\n<p>&nbsp;<\/p>\n<p>&nbsp;<\/p>\n<p><strong>1.- Qui\u00e9nes somos:<\/strong><\/p>\n<p>Rosana Ample informa a los usuarios del sitio web sobre su pol\u00edtica respecto del tratamiento y protecci\u00f3n de los datos de car\u00e1cter personal de los usuarios y clientes que puedan ser recabados por la navegaci\u00f3n o contrataci\u00f3n de servicios a trav\u00e9s de su sitio web. La direcci\u00f3n de nuestra web es: https:\/\/rosanaample.com<\/p>\n<p>En este sentido, Rosana Ample garantiza el cumplimiento de la normativa vigente prevista en la Ley Org\u00e1nica 15\/1999, de 13 de diciembre, de Protecci\u00f3n de Datos de Car\u00e1cter Personal (LOPD), el Reglamento (UE) 2016\/679 del Parlamento Europeo y del Consejo de 27 de abril de 2016 (RGPD) y la Ley 34\/2002, de 11 de julio, de Servicios de la Sociedad de la Informaci\u00f3n y Comercio Electr\u00f3nico (LSSI).<\/p>\n<p>El uso de esta web implica la aceptaci\u00f3n de esta pol\u00edtica de privacidad.<\/p>\n<p>El responsable de la web y del tratamiento de los datos personales es:<\/p>\n<p><span style=\"font-size: 15px;\">La mirada de Venus LLC<\/span><\/p>\n<div>99 Wall Street #2315<\/div>\n<div>10005 New York, NY<\/div>\n<div>USA<\/div>\n<ul><\/ul>\n<p>Puedes ponerte en contacto con Rosana Ample, para cualquier aspecto relacionado con esta pol\u00edtica de privacidad, en la direcci\u00f3n de correo electr\u00f3nico: namaste@rosanaample.com<\/p>\n<p>&nbsp;<\/p>\n<p><strong>2.- Qu\u00e9 datos personales recogemos y por qu\u00e9 los recogemos:<\/strong><\/p>\n<p><strong>2.1.- \u00bfQu\u00e9 son los datos personales?<\/strong><\/p>\n<p>Cuando hablamos de datos personales nos referimos a toda informaci\u00f3n relativa a la persona que un usuario nos facilita cuando visita rosanaample.com. En concreto, recogemos los datos de nombres, direcciones de email, tel\u00e9fonos o direcciones postales y ocasionalmente podr\u00edamos recabar otro tipo de informaci\u00f3n siempre que sea necesaria para el desempe\u00f1o de nuestras actividades.<\/p>\n<p>Los datos personales ser\u00e1n tratados con la \u00fanica finalidad de gestionar la relaci\u00f3n comercial y atender las solicitudes de informaci\u00f3n.<\/p>\n<p>En ning\u00fan caso recogemos datos especialmente protegidos desde Rosana Ample.<\/p>\n<p>&nbsp;<\/p>\n<p><strong>2.2.\u00a0\u2013 Formularios de contacto.<\/strong><\/p>\n<p>Para el desarrollo de nuestra actividad recogemos datos desde formularios. Estos datos sirven fundamentalmente para responder consultas y emitir presupuestos a nuestros clientes. Actualmente los datos recogidos no se utilizan para el env\u00edo de comunicaciones de marketing, ni son trasferidos a terceros.<\/p>\n<p>&nbsp;<\/p>\n<p><strong>2.3.- Contenido incrustado de otros sitios web.<\/strong><\/p>\n<p>Los art\u00edculos de este sitio pueden incluir contenido incrustado (por ejemplo, v\u00eddeos, im\u00e1genes, art\u00edculos, etc.). El contenido incrustado de otra web se comporta exactamente de la misma manera que si el visitante hubiera visitado la otra web.<\/p>\n<p>Estas web pueden recopilar datos sobre ti, utilizar cookies, incrustar un seguimiento adicional de terceros, y supervisar tu interacci\u00f3n con ese contenido incrustado si\u00a0 tienes una cuenta y est\u00e1s conectado a esa web.<\/p>\n<p>&nbsp;<\/p>\n<p><strong>2.4.- Anal\u00edtica.<\/strong><\/p>\n<p>En Rosana Ample utilizamos cookies de terceros, en concreto Google Analytics, para estudiar las preferencias de nuestros usuarios, sus caracter\u00edsticas demogr\u00e1ficas, sus patrones de tr\u00e1fico, y otra informaci\u00f3n en conjunto para comprender mejor qui\u00e9nes constituyen nuestra audiencia.<\/p>\n<p>Puedes conocer la pol\u00edtica de privacidad general de los servicios de Google\u00a0<a href=\"https:\/\/policies.google.com\/privacy?hl=es\">aqu\u00ed<\/a>. Adicionalmente, puedes conocer c\u00f3mo utiliza Google la informaci\u00f3n de sitios web o aplicaciones que utilizan sus servicios\u00a0<a href=\"https:\/\/policies.google.com\/technologies\/partner-sites?hl=es\">aqu\u00ed<\/a>.<\/p>\n<p>&nbsp;<\/p>\n<p><strong>3.- Con qui\u00e9n compartimos tus datos.<\/strong><\/p>\n<p>Los datos recogidos podr\u00e1n ser eventualmente comunicados a:<\/p>\n<ul>\n<li>Terceros relacionados con Rosana Ample por contrato para la realizaci\u00f3n de tareas propias de gesti\u00f3n de la cuenta de cliente.<\/li>\n<li>Comunicaciones a las autoridades en el caso de que el usuario hubiese realizado acciones contrarias a la ley.<\/li>\n<li>Cuando los datos sean necesarios para acceder a alguna funcionalidad de la web, condici\u00f3n que Rosana Ample notificar\u00e1 al usuario a la hora de recoger sus datos para esta finalidad.<\/li>\n<\/ul>\n<p>&nbsp;<\/p>\n<p><strong>4.- Qu\u00e9 derechos tienes sobre tus datos.<\/strong><\/p>\n<p>Al ser los datos del usuario objeto de tratamiento por parte de Rosana Ample, los usuarios podr\u00e1n ejercer los derechos de:<\/p>\n<p>\u2013 Acceso: Confirmar qu\u00e9 tipos de datos personales estamos tratando y acceder a dichos datos.<\/p>\n<p>\u2013 Rectificaci\u00f3n: Solicitar la rectificaci\u00f3n de los datos inexactos o no veraces.<\/p>\n<p>\u2013 Supresi\u00f3n y olvido: Solicitar la supresi\u00f3n de sus datos cuando, entre otros motivos, los datos ya no sean necesarios para los fines para los que fueron recogidos.<\/p>\n<p>\u2013 Portabilidad: Obtener una copia\u00a0 en un formato interoperable de los datos que est\u00e9n siendo tratados.<\/p>\n<p>\u2013 Limitaci\u00f3n del tratamiento: Solicitar la limitaci\u00f3n del tratamiento de sus datos en los casos recogidos en la Ley.<\/p>\n<p>\u2013 Oposici\u00f3n: Oponerse al tratamiento de sus datos.<\/p>\n<p>\u2013 Retirar el consentimiento: Revocar el consentimiento prestado.<\/p>\n<p>Puedes ejercer tus derechos mediante env\u00edo de email a la direcci\u00f3n de correo electr\u00f3nico: namaste@rosanaample.com, indicando el derecho a ejercitar y a\u00f1adiendo copia de DNI o documento identificativo.<\/p>\n<p>&nbsp;<\/p>\n<p><strong>5.- Informaci\u00f3n adicional.<\/strong><\/p>\n<p><strong>5.1.- C\u00f3mo protegemos tus datos.<\/strong><\/p>\n<p>Utilizamos herramientas para la detecci\u00f3n de ataques, accesos no autorizados, malware y herramientas contra el spam. En concreto utilizamos\u00a0:<\/p>\n<ul>\n<li>Wordfence: plugin de seguridad para instalaciones de wordpress.<\/li>\n<li>Akismet: plugin contra el spam de comentarios.<\/li>\n<\/ul>\n<p>&nbsp;<\/p>\n<p>&nbsp;<\/p>\n<p>&nbsp;<\/p>\n<p>&nbsp;<\/p>\n<p><!-- \/divi:heading --><!-- divi:paragraph --><\/p>\n<h3><\/h3>\n<p>&nbsp;<\/p>\n<p>&nbsp;<\/p>\n<p>&nbsp;<\/p>\n<p><!-- \/divi:heading -->[\/et_pb_text][\/et_pb_column][\/et_pb_row][\/et_pb_section]<\/p>\n","protected":false},"excerpt":{"rendered":"<p>&nbsp; &nbsp; 1.- Qui\u00e9nes somos: Rosana Ample informa a los usuarios del sitio web sobre su pol\u00edtica respecto del tratamiento y protecci\u00f3n de los datos de car\u00e1cter personal de los usuarios y clientes que puedan ser recabados por la navegaci\u00f3n o contrataci\u00f3n de servicios a trav\u00e9s de su sitio web. La direcci\u00f3n de nuestra web [&hellip;]<\/p>\n","protected":false},"author":1,"featured_media":0,"parent":0,"menu_order":0,"comment_status":"closed","ping_status":"closed","template":"","meta":{"_et_pb_use_builder":"on","_et_pb_old_content":"<!-- wp:heading --><h2>Who we are<\/h2><!-- \/wp:heading --><!-- wp:paragraph --><p>Our website address is: https:\/\/rosanaample.com.<\/p><!-- \/wp:paragraph --><!-- wp:heading --><h2>What personal data we collect and why we collect it<\/h2><!-- \/wp:heading --><!-- wp:heading {\"level\":3} --><h3>Comments<\/h3><!-- \/wp:heading --><!-- wp:paragraph --><p>When visitors leave comments on the site we collect the data shown in the comments form, and also the visitor&#8217;s IP address and browser user agent string to help spam detection.<\/p><!-- \/wp:paragraph --><!-- wp:paragraph --><p>An anonymized string created from your email address (also called a hash) may be provided to the Gravatar service to see if you are using it. The Gravatar service privacy policy is available here: https:\/\/automattic.com\/privacy\/. After approval of your comment, your profile picture is visible to the public in the context of your comment.<\/p><!-- \/wp:paragraph --><!-- wp:heading {\"level\":3} --><h3>Media<\/h3><!-- \/wp:heading --><!-- wp:paragraph --><p>If you upload images to the website, you should avoid uploading images with embedded location data (EXIF GPS) included. Visitors to the website can download and extract any location data from images on the website.<\/p><!-- \/wp:paragraph --><!-- wp:heading {\"level\":3} --><h3>Contact forms<\/h3><!-- \/wp:heading --><!-- wp:heading {\"level\":3} --><h3>Cookies<\/h3><!-- \/wp:heading --><!-- wp:paragraph --><p>If you leave a comment on our site you may opt-in to saving your name, email address and website in cookies. These are for your convenience so that you do not have to fill in your details again when you leave another comment. These cookies will last for one year.<\/p><!-- \/wp:paragraph --><!-- wp:paragraph --><p>If you visit our login page, we will set a temporary cookie to determine if your browser accepts cookies. This cookie contains no personal data and is discarded when you close your browser.<\/p><!-- \/wp:paragraph --><!-- wp:paragraph --><p>When you log in, we will also set up several cookies to save your login information and your screen display choices. Login cookies last for two days, and screen options cookies last for a year. If you select &quot;Remember Me&quot;, your login will persist for two weeks. If you log out of your account, the login cookies will be removed.<\/p><!-- \/wp:paragraph --><!-- wp:paragraph --><p>If you edit or publish an article, an additional cookie will be saved in your browser. This cookie includes no personal data and simply indicates the post ID of the article you just edited. It expires after 1 day.<\/p><!-- \/wp:paragraph --><!-- wp:heading {\"level\":3} --><h3>Embedded content from other websites<\/h3><!-- \/wp:heading --><!-- wp:paragraph --><p>Articles on this site may include embedded content (e.g. videos, images, articles, etc.). Embedded content from other websites behaves in the exact same way as if the visitor has visited the other website.<\/p><!-- \/wp:paragraph --><!-- wp:paragraph --><p>These websites may collect data about you, use cookies, embed additional third-party tracking, and monitor your interaction with that embedded content, including tracking your interaction with the embedded content if you have an account and are logged in to that website.<\/p><!-- \/wp:paragraph --><!-- wp:heading {\"level\":3} --><h3>Analytics<\/h3><!-- \/wp:heading --><!-- wp:heading --><h2>Who we share your data with<\/h2><!-- \/wp:heading --><!-- wp:heading --><h2>How long we retain your data<\/h2><!-- \/wp:heading --><!-- wp:paragraph --><p>If you leave a comment, the comment and its metadata are retained indefinitely. This is so we can recognize and approve any follow-up comments automatically instead of holding them in a moderation queue.<\/p><!-- \/wp:paragraph --><!-- wp:paragraph --><p>For users that register on our website (if any), we also store the personal information they provide in their user profile. All users can see, edit, or delete their personal information at any time (except they cannot change their username). Website administrators can also see and edit that information.<\/p><!-- \/wp:paragraph --><!-- wp:heading --><h2>What rights you have over your data<\/h2><!-- \/wp:heading --><!-- wp:paragraph --><p>If you have an account on this site, or have left comments, you can request to receive an exported file of the personal data we hold about you, including any data you have provided to us. You can also request that we erase any personal data we hold about you. This does not include any data we are obliged to keep for administrative, legal, or security purposes.<\/p><!-- \/wp:paragraph --><!-- wp:heading --><h2>Where we send your data<\/h2><!-- \/wp:heading --><!-- wp:paragraph --><p>Visitor comments may be checked through an automated spam detection service.<\/p><!-- \/wp:paragraph --><!-- wp:heading --><h2>Your contact information<\/h2><!-- \/wp:heading --><!-- wp:heading --><h2>Additional information<\/h2><!-- \/wp:heading --><!-- wp:heading {\"level\":3} --><h3>How we protect your data<\/h3><!-- \/wp:heading --><!-- wp:heading {\"level\":3} --><h3>What data breach procedures we have in place<\/h3><!-- \/wp:heading --><!-- wp:heading {\"level\":3} --><h3>What third parties we receive data from<\/h3><!-- \/wp:heading --><!-- wp:heading {\"level\":3} --><h3>What automated decision making and\/or profiling we do with user data<\/h3><!-- \/wp:heading --><!-- wp:heading {\"level\":3} --><h3>Industry regulatory disclosure requirements<\/h3><!-- \/wp:heading -->","_et_gb_content_width":"","_exactmetrics_skip_tracking":false,"_exactmetrics_sitenote_active":false,"_exactmetrics_sitenote_note":"","_exactmetrics_sitenote_category":0,"_uf_show_specific_survey":0,"_uf_disable_surveys":false,"footnotes":""},"class_list":["post-3","page","type-page","status-publish","hentry"],"aioseo_notices":[],"_links":{"self":[{"href":"https:\/\/rosanaample.com\/home\/wp-json\/wp\/v2\/pages\/3","targetHints":{"allow":["GET"]}}],"collection":[{"href":"https:\/\/rosanaample.com\/home\/wp-json\/wp\/v2\/pages"}],"about":[{"href":"https:\/\/rosanaample.com\/home\/wp-json\/wp\/v2\/types\/page"}],"author":[{"embeddable":true,"href":"https:\/\/rosanaample.com\/home\/wp-json\/wp\/v2\/users\/1"}],"replies":[{"embeddable":true,"href":"https:\/\/rosanaample.com\/home\/wp-json\/wp\/v2\/comments?post=3"}],"version-history":[{"count":7,"href":"https:\/\/rosanaample.com\/home\/wp-json\/wp\/v2\/pages\/3\/revisions"}],"predecessor-version":[{"id":289847,"href":"https:\/\/rosanaample.com\/home\/wp-json\/wp\/v2\/pages\/3\/revisions\/289847"}],"wp:attachment":[{"href":"https:\/\/rosanaample.com\/home\/wp-json\/wp\/v2\/media?parent=3"}],"curies":[{"name":"wp","href":"https:\/\/api.w.org\/{rel}","templated":true}]}}